{"id":2,"date":"2020-12-08T14:40:37","date_gmt":"2020-12-08T17:40:37","guid":{"rendered":"http:\/\/ponteaofuturo.com.br\/coachitorioonline\/?page_id=2"},"modified":"2021-02-19T08:58:39","modified_gmt":"2021-02-19T11:58:39","slug":"pagina-exemplo","status":"publish","type":"page","link":"https:\/\/ponteaofuturo.com.br\/coachitorio-online\/","title":{"rendered":"Coachit\u00f3rio Online"},"content":{"rendered":"\n<p>Bem-vindo ao Coachit\u00f3rio Online, o seu podcast semanal sobre pessoas, carreira e lideran\u00e7a. Nosso objetivo \u00e9 fazer com que cada epis\u00f3dio tenha perguntas e provoca\u00e7\u00f5es que levem voc\u00ea a refletir sobre sua vida pessoal e profissional. Os nossos epis\u00f3dios s\u00e3o divididos em temporadas e cada temporada tem uma tem\u00e1tica que est\u00e1 muito ligada \u00e0 nossa ess\u00eancia e ao nosso prop\u00f3sito, que \u00e9 o de levar informa\u00e7\u00e3o e conhecimento relevantes para a vida e a carreira das pessoas.<\/p>\n\n\n\n<div class=\"trailer\"><iframe data-src=\"https:\/\/open.spotify.com\/embed-podcast\/episode\/5XRtKsgGLqZxqtsqTxTLgo\" width=\"100%\" height=\"232\" frameborder=\"0\" allowtransparency=\"true\" allow=\"encrypted-media\" src=\"data:image\/svg+xml;base64,PHN2ZyB3aWR0aD0iMSIgaGVpZ2h0PSIxIiB4bWxucz0iaHR0cDovL3d3dy53My5vcmcvMjAwMC9zdmciPjwvc3ZnPg==\" class=\"lazyload\" data-load-mode=\"1\"><\/iframe><\/div>\n\n\n<ul><li>\r\n\t<a href=\"https:\/\/ponteaofuturo.com.br\/coachitorio-online\/episodio\/256-a-segunda-metade-da-vida\/\">\r\n\t\t<img decoding=\"async\" data-src=\"https:\/\/ponteaofuturo.com.br\/coachitorio-online\/wp-content\/uploads\/sites\/4\/2026\/04\/Post_coachitorio2004-1-240x300.png\" src=\"data:image\/svg+xml;base64,PHN2ZyB3aWR0aD0iMSIgaGVpZ2h0PSIxIiB4bWxucz0iaHR0cDovL3d3dy53My5vcmcvMjAwMC9zdmciPjwvc3ZnPg==\" class=\"lazyload\" style=\"--smush-placeholder-width: 240px; --smush-placeholder-aspect-ratio: 240\/300;\" \/>\r\n\t\t<h2>256 &#8211; A Segunda Metade da Vida<\/h2>\r\n\t\t<span>20 de abril de 2026<\/span>\r\n\t\t<p>De repente, voc\u00ea se d\u00e1 conta que est\u00e1 perto dos 50 anos de idade, que tem experi\u00eancia&hellip;<\/p>\r\n\t<\/a>\r\n<\/li><li>\r\n\t<a href=\"https:\/\/ponteaofuturo.com.br\/coachitorio-online\/episodio\/255-existe-um-proposito-para-a-carreira\/\">\r\n\t\t<img decoding=\"async\" data-src=\"https:\/\/ponteaofuturo.com.br\/coachitorio-online\/wp-content\/uploads\/sites\/4\/2026\/04\/10-Tem_Ep03_post-240x300.png\" src=\"data:image\/svg+xml;base64,PHN2ZyB3aWR0aD0iMSIgaGVpZ2h0PSIxIiB4bWxucz0iaHR0cDovL3d3dy53My5vcmcvMjAwMC9zdmciPjwvc3ZnPg==\" class=\"lazyload\" style=\"--smush-placeholder-width: 240px; --smush-placeholder-aspect-ratio: 240\/300;\" \/>\r\n\t\t<h2>255 &#8211; Existe um prop\u00f3sito para a carreira?<\/h2>\r\n\t\t<span>6 de abril de 2026<\/span>\r\n\t\t<p>A busca pelo prop\u00f3sito no trabalho tem sido uma das quest\u00f5es mais presentes, na vida do ser&hellip;<\/p>\r\n\t<\/a>\r\n<\/li><li>\r\n\t<a href=\"https:\/\/ponteaofuturo.com.br\/coachitorio-online\/episodio\/254-o-fim-justifica-os-meios\/\">\r\n\t\t<img decoding=\"async\" data-src=\"https:\/\/ponteaofuturo.com.br\/coachitorio-online\/wp-content\/uploads\/sites\/4\/2026\/03\/Post_FimMeios-1-240x300.png\" src=\"data:image\/svg+xml;base64,PHN2ZyB3aWR0aD0iMSIgaGVpZ2h0PSIxIiB4bWxucz0iaHR0cDovL3d3dy53My5vcmcvMjAwMC9zdmciPjwvc3ZnPg==\" class=\"lazyload\" style=\"--smush-placeholder-width: 240px; --smush-placeholder-aspect-ratio: 240\/300;\" \/>\r\n\t\t<h2>254 &#8211; O Fim Justifica os Meios?<\/h2>\r\n\t\t<span>23 de mar\u00e7o de 2026<\/span>\r\n\t\t<p>Essa frase, atribu\u00edda ao escritor italiano Nicolao Maquiavel, marcou tanto a sociedade, que at\u00e9 os dias de&hellip;<\/p>\r\n\t<\/a>\r\n<\/li><li>\r\n\t<a href=\"https:\/\/ponteaofuturo.com.br\/coachitorio-online\/episodio\/253-a-importancia-de-formar-novos-lideres\/\">\r\n\t\t<img decoding=\"async\" data-src=\"https:\/\/ponteaofuturo.com.br\/coachitorio-online\/wp-content\/uploads\/sites\/4\/2026\/03\/Post_Coachitorio_novosLideres-1-240x300.png\" src=\"data:image\/svg+xml;base64,PHN2ZyB3aWR0aD0iMSIgaGVpZ2h0PSIxIiB4bWxucz0iaHR0cDovL3d3dy53My5vcmcvMjAwMC9zdmciPjwvc3ZnPg==\" class=\"lazyload\" style=\"--smush-placeholder-width: 240px; --smush-placeholder-aspect-ratio: 240\/300;\" \/>\r\n\t\t<h2>253 &#8211; A Import\u00e2ncia de Formar Novos L\u00edderes<\/h2>\r\n\t\t<span>9 de mar\u00e7o de 2026<\/span>\r\n\t\t<p>Identificar pessoas com potencial e disposi\u00e7\u00e3o para lideran\u00e7a \u00e9 uma das principais atribui\u00e7\u00f5es de um l\u00edder. Significa&hellip;<\/p>\r\n\t<\/a>\r\n<\/li><li>\r\n\t<a href=\"https:\/\/ponteaofuturo.com.br\/coachitorio-online\/episodio\/252-o-medo-de-delegar\/\">\r\n\t\t<img decoding=\"async\" data-src=\"https:\/\/ponteaofuturo.com.br\/coachitorio-online\/wp-content\/uploads\/sites\/4\/2026\/02\/10-Tem_Ep04_post-1-240x300.jpg\" src=\"data:image\/svg+xml;base64,PHN2ZyB3aWR0aD0iMSIgaGVpZ2h0PSIxIiB4bWxucz0iaHR0cDovL3d3dy53My5vcmcvMjAwMC9zdmciPjwvc3ZnPg==\" class=\"lazyload\" style=\"--smush-placeholder-width: 240px; --smush-placeholder-aspect-ratio: 240\/300;\" \/>\r\n\t\t<h2>252 &#8211; O Medo de Delegar<\/h2>\r\n\t\t<span>23 de fevereiro de 2026<\/span>\r\n\t\t<p>Todo l\u00edder deve ser capaz de ensinar e acompanhar sua equipe, para que as pessoas estejam cada&hellip;<\/p>\r\n\t<\/a>\r\n<\/li><li>\r\n\t<a href=\"https:\/\/ponteaofuturo.com.br\/coachitorio-online\/episodio\/251-quem-e-o-lider-em-uma-equipe-de-lideres\/\">\r\n\t\t<img decoding=\"async\" data-src=\"https:\/\/ponteaofuturo.com.br\/coachitorio-online\/wp-content\/uploads\/sites\/4\/2026\/02\/10-Tem_Ep03_post-1-240x300.jpg\" src=\"data:image\/svg+xml;base64,PHN2ZyB3aWR0aD0iMSIgaGVpZ2h0PSIxIiB4bWxucz0iaHR0cDovL3d3dy53My5vcmcvMjAwMC9zdmciPjwvc3ZnPg==\" class=\"lazyload\" style=\"--smush-placeholder-width: 240px; --smush-placeholder-aspect-ratio: 240\/300;\" \/>\r\n\t\t<h2>251 &#8211; Quem \u00e9 o lider em uma equipe de l\u00edderes?<\/h2>\r\n\t\t<span>9 de fevereiro de 2026<\/span>\r\n\t\t<p>O dia-a-dia de um l\u00edder de l\u00edderes \u00e9 recheado de pratos que ele precisa equilibrar e \u00e9&hellip;<\/p>\r\n\t<\/a>\r\n<\/li><li>\r\n\t<a href=\"https:\/\/ponteaofuturo.com.br\/coachitorio-online\/episodio\/250-um-episodio-especial\/\">\r\n\t\t<img decoding=\"async\" data-src=\"https:\/\/ponteaofuturo.com.br\/coachitorio-online\/wp-content\/uploads\/sites\/4\/2026\/01\/10-Tem_Ep02_post-1-240x300.jpg\" src=\"data:image\/svg+xml;base64,PHN2ZyB3aWR0aD0iMSIgaGVpZ2h0PSIxIiB4bWxucz0iaHR0cDovL3d3dy53My5vcmcvMjAwMC9zdmciPjwvc3ZnPg==\" class=\"lazyload\" style=\"--smush-placeholder-width: 240px; --smush-placeholder-aspect-ratio: 240\/300;\" \/>\r\n\t\t<h2>250 &#8211; Um Epis\u00f3dio Especial<\/h2>\r\n\t\t<span>26 de janeiro de 2026<\/span>\r\n\t\t<p>Quem nos acompanha h\u00e1 mais tempo j\u00e1 me ouviu falar sobre o surgimento do Coachit\u00f3rio Online, sobre&hellip;<\/p>\r\n\t<\/a>\r\n<\/li><li>\r\n\t<a href=\"https:\/\/ponteaofuturo.com.br\/coachitorio-online\/episodio\/249-que-comece-a-nova-temporada\/\">\r\n\t\t<img decoding=\"async\" data-src=\"https:\/\/ponteaofuturo.com.br\/coachitorio-online\/wp-content\/uploads\/sites\/4\/2026\/01\/10-Tem_Ep01_post-1-240x300.jpg\" src=\"data:image\/svg+xml;base64,PHN2ZyB3aWR0aD0iMSIgaGVpZ2h0PSIxIiB4bWxucz0iaHR0cDovL3d3dy53My5vcmcvMjAwMC9zdmciPjwvc3ZnPg==\" class=\"lazyload\" style=\"--smush-placeholder-width: 240px; --smush-placeholder-aspect-ratio: 240\/300;\" \/>\r\n\t\t<h2>249 &#8211; Que comece a Nova Temporada!<\/h2>\r\n\t\t<span>12 de janeiro de 2026<\/span>\r\n\t\t<p>Bem-vindo, ao ano de 2026 e \u00e0 nova temporada do Coachit\u00f3rio Online! Quem nos acompanha ao longo&hellip;<\/p>\r\n\t<\/a>\r\n<\/li><li>\r\n\t<a href=\"https:\/\/ponteaofuturo.com.br\/coachitorio-online\/episodio\/248-descansar\/\">\r\n\t\t<img decoding=\"async\" data-src=\"https:\/\/ponteaofuturo.com.br\/coachitorio-online\/wp-content\/uploads\/sites\/4\/2025\/12\/9-Tem_Ep25_post-1-240x300.png\" src=\"data:image\/svg+xml;base64,PHN2ZyB3aWR0aD0iMSIgaGVpZ2h0PSIxIiB4bWxucz0iaHR0cDovL3d3dy53My5vcmcvMjAwMC9zdmciPjwvc3ZnPg==\" class=\"lazyload\" style=\"--smush-placeholder-width: 240px; --smush-placeholder-aspect-ratio: 240\/300;\" \/>\r\n\t\t<h2>248 &#8211; Descansar<\/h2>\r\n\t\t<span>15 de dezembro de 2025<\/span>\r\n\t\t<p>Descansar \u00e9 algo simples, mas eu bem sei que nem sempre \u00e9 f\u00e1cil encontrarmos tempo para o&hellip;<\/p>\r\n\t<\/a>\r\n<\/li><li>\r\n\t<a href=\"https:\/\/ponteaofuturo.com.br\/coachitorio-online\/episodio\/247-agradecer\/\">\r\n\t\t<img decoding=\"async\" data-src=\"https:\/\/ponteaofuturo.com.br\/coachitorio-online\/wp-content\/uploads\/sites\/4\/2025\/12\/9-Tem_Ep24_post-1-1-240x300.png\" src=\"data:image\/svg+xml;base64,PHN2ZyB3aWR0aD0iMSIgaGVpZ2h0PSIxIiB4bWxucz0iaHR0cDovL3d3dy53My5vcmcvMjAwMC9zdmciPjwvc3ZnPg==\" class=\"lazyload\" style=\"--smush-placeholder-width: 240px; --smush-placeholder-aspect-ratio: 240\/300;\" \/>\r\n\t\t<h2>247 &#8211; Agradecer<\/h2>\r\n\t\t<span>1 de dezembro de 2025<\/span>\r\n\t\t<p>A gratid\u00e3o \u00e9 algo muito importante para mim e, por isso, sinto-me muito \u00e0 vontade para falar&hellip;<\/p>\r\n\t<\/a>\r\n<\/li><li>\r\n\t<a href=\"https:\/\/ponteaofuturo.com.br\/coachitorio-online\/episodio\/246-comemorar\/\">\r\n\t\t<img decoding=\"async\" data-src=\"https:\/\/ponteaofuturo.com.br\/coachitorio-online\/wp-content\/uploads\/sites\/4\/2025\/11\/9-Tem_Ep23_post-1-1-240x300.png\" src=\"data:image\/svg+xml;base64,PHN2ZyB3aWR0aD0iMSIgaGVpZ2h0PSIxIiB4bWxucz0iaHR0cDovL3d3dy53My5vcmcvMjAwMC9zdmciPjwvc3ZnPg==\" class=\"lazyload\" style=\"--smush-placeholder-width: 240px; --smush-placeholder-aspect-ratio: 240\/300;\" \/>\r\n\t\t<h2>246 &#8211; Comemorar<\/h2>\r\n\t\t<span>17 de novembro de 2025<\/span>\r\n\t\t<p>\u00c9 muito comum estarmos focados sempre na pr\u00f3xima meta, no pr\u00f3ximo desafio ou na pr\u00f3xima conquista. Embora&hellip;<\/p>\r\n\t<\/a>\r\n<\/li><li>\r\n\t<a href=\"https:\/\/ponteaofuturo.com.br\/coachitorio-online\/episodio\/245-receber\/\">\r\n\t\t<img decoding=\"async\" data-src=\"https:\/\/ponteaofuturo.com.br\/coachitorio-online\/wp-content\/uploads\/sites\/4\/2025\/11\/9-Tem_Ep22_post-1-1-240x300.png\" src=\"data:image\/svg+xml;base64,PHN2ZyB3aWR0aD0iMSIgaGVpZ2h0PSIxIiB4bWxucz0iaHR0cDovL3d3dy53My5vcmcvMjAwMC9zdmciPjwvc3ZnPg==\" class=\"lazyload\" style=\"--smush-placeholder-width: 240px; --smush-placeholder-aspect-ratio: 240\/300;\" \/>\r\n\t\t<h2>245 &#8211; Receber<\/h2>\r\n\t\t<span>3 de novembro de 2025<\/span>\r\n\t\t<p>Existe uma frase crist\u00e3 muito conhecida, que nos ensina que \u00e9 dando que se recebe. Por sua&hellip;<\/p>\r\n\t<\/a>\r\n<\/li><\/ul>\n\n\n<div id=\"ajax-load-more\" class=\"ajax-load-more-wrap default\" data-id=\"8721202295\" data-alm-id=\"\" data-canonical-url=\"https:\/\/ponteaofuturo.com.br\/coachitorio-online\/\" data-slug=\"pagina-exemplo\" data-post-id=\"2\"  data-localized=\"ajax_load_more_8721202295_vars\" data-alm-object=\"ajax_load_more_8721202295\"><ul aria-live=\"polite\" aria-atomic=\"true\" class=\"alm-listing alm-ajax\" data-container-type=\"ul\" data-loading-style=\"default\" data-repeater=\"default\" data-post-type=\"episodio\" data-order=\"DESC\" data-orderby=\"date\" data-offset=\"12\" data-posts-per-page=\"12\" data-max-pages=\"5\" data-button-label=\"Mais Epis\u00f3dios\" data-prev-button-label=\"Load Previous\"><\/ul><div class=\"alm-btn-wrap\" data-rel=\"ajax-load-more\"><button class=\"alm-load-more-btn\" type=\"button\">Mais Epis\u00f3dios<\/button><\/div><\/div>\n","protected":false},"excerpt":{"rendered":"<p>Bem-vindo ao Coachit\u00f3rio Online, o seu podcast semanal sobre pessoas, carreira e lideran\u00e7a. Nosso objetivo \u00e9 fazer [&hellip;]<\/p>\n","protected":false},"author":1,"featured_media":0,"parent":0,"menu_order":0,"comment_status":"closed","ping_status":"open","template":"","meta":{"footnotes":""},"class_list":["post-2","page","type-page","status-publish","hentry","entry"],"yoast_head":"<!-- This site is optimized with the Yoast SEO plugin v26.7 - https:\/\/yoast.com\/wordpress\/plugins\/seo\/ -->\n<title>Podcast Coachit\u00f3rio Online - Doses Curtas de Carreira e Lideran\u00e7a<\/title>\n<meta name=\"description\" content=\"Doses curtas de carreira e lideran\u00e7a para serem consumidas semanalmente, sem modera\u00e7\u00e3o. Siga na sua plataforma favorita e ou\u00e7a gratuitamente!\" \/>\n<meta name=\"robots\" content=\"index, follow, max-snippet:-1, max-image-preview:large, max-video-preview:-1\" \/>\n<link rel=\"canonical\" href=\"https:\/\/ponteaofuturo.com.br\/coachitorio-online\/\" \/>\n<meta property=\"og:locale\" content=\"pt_BR\" \/>\n<meta property=\"og:type\" content=\"article\" \/>\n<meta property=\"og:title\" content=\"Podcast Coachit\u00f3rio Online - Doses Curtas de Carreira e Lideran\u00e7a\" \/>\n<meta property=\"og:description\" content=\"Doses curtas de carreira e lideran\u00e7a para serem consumidas semanalmente, sem modera\u00e7\u00e3o. Siga na sua plataforma favorita e ou\u00e7a gratuitamente!\" \/>\n<meta property=\"og:url\" content=\"https:\/\/ponteaofuturo.com.br\/coachitorio-online\/\" \/>\n<meta property=\"og:site_name\" content=\"Coachit\u00f3rio Online\" \/>\n<meta property=\"article:modified_time\" content=\"2021-02-19T11:58:39+00:00\" \/>\n<meta property=\"og:image\" content=\"https:\/\/ponteaofuturo.com.br\/coachitorio-online\/wp-content\/uploads\/sites\/4\/2021\/02\/capa-podcast-coachitorio-online.png\" \/>\n\t<meta property=\"og:image:width\" content=\"1200\" \/>\n\t<meta property=\"og:image:height\" content=\"628\" \/>\n\t<meta property=\"og:image:type\" content=\"image\/png\" \/>\n<meta name=\"twitter:card\" content=\"summary_large_image\" \/>\n<meta name=\"twitter:label1\" content=\"Est. tempo de leitura\" \/>\n\t<meta name=\"twitter:data1\" content=\"1 minuto\" \/>\n<script type=\"application\/ld+json\" class=\"yoast-schema-graph\">{\"@context\":\"https:\/\/schema.org\",\"@graph\":[{\"@type\":\"WebPage\",\"@id\":\"https:\/\/ponteaofuturo.com.br\/coachitorio-online\/\",\"url\":\"https:\/\/ponteaofuturo.com.br\/coachitorio-online\/\",\"name\":\"Podcast Coachit\u00f3rio Online - Doses Curtas de Carreira e Lideran\u00e7a\",\"isPartOf\":{\"@id\":\"https:\/\/ponteaofuturo.com.br\/coachitorio-online\/#website\"},\"datePublished\":\"2020-12-08T17:40:37+00:00\",\"dateModified\":\"2021-02-19T11:58:39+00:00\",\"description\":\"Doses curtas de carreira e lideran\u00e7a para serem consumidas semanalmente, sem modera\u00e7\u00e3o. Siga na sua plataforma favorita e ou\u00e7a gratuitamente!\",\"breadcrumb\":{\"@id\":\"https:\/\/ponteaofuturo.com.br\/coachitorio-online\/#breadcrumb\"},\"inLanguage\":\"pt-BR\",\"potentialAction\":[{\"@type\":\"ReadAction\",\"target\":[\"https:\/\/ponteaofuturo.com.br\/coachitorio-online\/\"]}]},{\"@type\":\"BreadcrumbList\",\"@id\":\"https:\/\/ponteaofuturo.com.br\/coachitorio-online\/#breadcrumb\",\"itemListElement\":[{\"@type\":\"ListItem\",\"position\":1,\"name\":\"In\u00edcio\",\"item\":\"https:\/\/ponteaofuturo.com.br\/coachitorio-online\/\"},{\"@type\":\"ListItem\",\"position\":2,\"name\":\"Coachit\u00f3rio Online\"}]},{\"@type\":\"WebSite\",\"@id\":\"https:\/\/ponteaofuturo.com.br\/coachitorio-online\/#website\",\"url\":\"https:\/\/ponteaofuturo.com.br\/coachitorio-online\/\",\"name\":\"Coachit\u00f3rio Online\",\"description\":\"S\u00f3 mais um site Ponte ao Futuro\",\"publisher\":{\"@id\":\"https:\/\/ponteaofuturo.com.br\/coachitorio-online\/#organization\"},\"potentialAction\":[{\"@type\":\"SearchAction\",\"target\":{\"@type\":\"EntryPoint\",\"urlTemplate\":\"https:\/\/ponteaofuturo.com.br\/coachitorio-online\/?s={search_term_string}\"},\"query-input\":{\"@type\":\"PropertyValueSpecification\",\"valueRequired\":true,\"valueName\":\"search_term_string\"}}],\"inLanguage\":\"pt-BR\"},{\"@type\":\"Organization\",\"@id\":\"https:\/\/ponteaofuturo.com.br\/coachitorio-online\/#organization\",\"name\":\"Coachit\u00f3rio Online\",\"url\":\"https:\/\/ponteaofuturo.com.br\/coachitorio-online\/\",\"logo\":{\"@type\":\"ImageObject\",\"inLanguage\":\"pt-BR\",\"@id\":\"https:\/\/ponteaofuturo.com.br\/coachitorio-online\/#\/schema\/logo\/image\/\",\"url\":\"https:\/\/ponteaofuturo.com.br\/coachitorio-online\/wp-content\/uploads\/sites\/4\/2021\/01\/logo.png\",\"contentUrl\":\"https:\/\/ponteaofuturo.com.br\/coachitorio-online\/wp-content\/uploads\/sites\/4\/2021\/01\/logo.png\",\"width\":500,\"height\":137,\"caption\":\"Coachit\u00f3rio Online\"},\"image\":{\"@id\":\"https:\/\/ponteaofuturo.com.br\/coachitorio-online\/#\/schema\/logo\/image\/\"}}]}<\/script>\n<!-- \/ Yoast SEO plugin. -->","yoast_head_json":{"title":"Podcast Coachit\u00f3rio Online - Doses Curtas de Carreira e Lideran\u00e7a","description":"Doses curtas de carreira e lideran\u00e7a para serem consumidas semanalmente, sem modera\u00e7\u00e3o. Siga na sua plataforma favorita e ou\u00e7a gratuitamente!","robots":{"index":"index","follow":"follow","max-snippet":"max-snippet:-1","max-image-preview":"max-image-preview:large","max-video-preview":"max-video-preview:-1"},"canonical":"https:\/\/ponteaofuturo.com.br\/coachitorio-online\/","og_locale":"pt_BR","og_type":"article","og_title":"Podcast Coachit\u00f3rio Online - Doses Curtas de Carreira e Lideran\u00e7a","og_description":"Doses curtas de carreira e lideran\u00e7a para serem consumidas semanalmente, sem modera\u00e7\u00e3o. Siga na sua plataforma favorita e ou\u00e7a gratuitamente!","og_url":"https:\/\/ponteaofuturo.com.br\/coachitorio-online\/","og_site_name":"Coachit\u00f3rio Online","article_modified_time":"2021-02-19T11:58:39+00:00","og_image":[{"width":1200,"height":628,"url":"https:\/\/ponteaofuturo.com.br\/coachitorio-online\/wp-content\/uploads\/sites\/4\/2021\/02\/capa-podcast-coachitorio-online.png","type":"image\/png"}],"twitter_card":"summary_large_image","twitter_misc":{"Est. tempo de leitura":"1 minuto"},"schema":{"@context":"https:\/\/schema.org","@graph":[{"@type":"WebPage","@id":"https:\/\/ponteaofuturo.com.br\/coachitorio-online\/","url":"https:\/\/ponteaofuturo.com.br\/coachitorio-online\/","name":"Podcast Coachit\u00f3rio Online - Doses Curtas de Carreira e Lideran\u00e7a","isPartOf":{"@id":"https:\/\/ponteaofuturo.com.br\/coachitorio-online\/#website"},"datePublished":"2020-12-08T17:40:37+00:00","dateModified":"2021-02-19T11:58:39+00:00","description":"Doses curtas de carreira e lideran\u00e7a para serem consumidas semanalmente, sem modera\u00e7\u00e3o. Siga na sua plataforma favorita e ou\u00e7a gratuitamente!","breadcrumb":{"@id":"https:\/\/ponteaofuturo.com.br\/coachitorio-online\/#breadcrumb"},"inLanguage":"pt-BR","potentialAction":[{"@type":"ReadAction","target":["https:\/\/ponteaofuturo.com.br\/coachitorio-online\/"]}]},{"@type":"BreadcrumbList","@id":"https:\/\/ponteaofuturo.com.br\/coachitorio-online\/#breadcrumb","itemListElement":[{"@type":"ListItem","position":1,"name":"In\u00edcio","item":"https:\/\/ponteaofuturo.com.br\/coachitorio-online\/"},{"@type":"ListItem","position":2,"name":"Coachit\u00f3rio Online"}]},{"@type":"WebSite","@id":"https:\/\/ponteaofuturo.com.br\/coachitorio-online\/#website","url":"https:\/\/ponteaofuturo.com.br\/coachitorio-online\/","name":"Coachit\u00f3rio Online","description":"S\u00f3 mais um site Ponte ao Futuro","publisher":{"@id":"https:\/\/ponteaofuturo.com.br\/coachitorio-online\/#organization"},"potentialAction":[{"@type":"SearchAction","target":{"@type":"EntryPoint","urlTemplate":"https:\/\/ponteaofuturo.com.br\/coachitorio-online\/?s={search_term_string}"},"query-input":{"@type":"PropertyValueSpecification","valueRequired":true,"valueName":"search_term_string"}}],"inLanguage":"pt-BR"},{"@type":"Organization","@id":"https:\/\/ponteaofuturo.com.br\/coachitorio-online\/#organization","name":"Coachit\u00f3rio Online","url":"https:\/\/ponteaofuturo.com.br\/coachitorio-online\/","logo":{"@type":"ImageObject","inLanguage":"pt-BR","@id":"https:\/\/ponteaofuturo.com.br\/coachitorio-online\/#\/schema\/logo\/image\/","url":"https:\/\/ponteaofuturo.com.br\/coachitorio-online\/wp-content\/uploads\/sites\/4\/2021\/01\/logo.png","contentUrl":"https:\/\/ponteaofuturo.com.br\/coachitorio-online\/wp-content\/uploads\/sites\/4\/2021\/01\/logo.png","width":500,"height":137,"caption":"Coachit\u00f3rio Online"},"image":{"@id":"https:\/\/ponteaofuturo.com.br\/coachitorio-online\/#\/schema\/logo\/image\/"}}]}},"_links":{"self":[{"href":"https:\/\/ponteaofuturo.com.br\/coachitorio-online\/wp-json\/wp\/v2\/pages\/2","targetHints":{"allow":["GET"]}}],"collection":[{"href":"https:\/\/ponteaofuturo.com.br\/coachitorio-online\/wp-json\/wp\/v2\/pages"}],"about":[{"href":"https:\/\/ponteaofuturo.com.br\/coachitorio-online\/wp-json\/wp\/v2\/types\/page"}],"author":[{"embeddable":true,"href":"https:\/\/ponteaofuturo.com.br\/coachitorio-online\/wp-json\/wp\/v2\/users\/1"}],"replies":[{"embeddable":true,"href":"https:\/\/ponteaofuturo.com.br\/coachitorio-online\/wp-json\/wp\/v2\/comments?post=2"}],"version-history":[{"count":0,"href":"https:\/\/ponteaofuturo.com.br\/coachitorio-online\/wp-json\/wp\/v2\/pages\/2\/revisions"}],"wp:attachment":[{"href":"https:\/\/ponteaofuturo.com.br\/coachitorio-online\/wp-json\/wp\/v2\/media?parent=2"}],"curies":[{"name":"wp","href":"https:\/\/api.w.org\/{rel}","templated":true}]}}